{"id":845,"date":"2021-11-24T15:12:07","date_gmt":"2021-11-24T12:12:07","guid":{"rendered":"https:\/\/theonlynaturals.com\/misyonumuz\/"},"modified":"2021-11-24T15:15:11","modified_gmt":"2021-11-24T12:15:11","slug":"misyonumuz","status":"publish","type":"page","link":"https:\/\/theonlynaturals.com\/tr\/misyonumuz\/","title":{"rendered":"M\u0130SYONUMUZ"},"content":{"rendered":"\t\t<div data-elementor-type=\"wp-page\" data-elementor-id=\"845\" class=\"elementor elementor-845 elementor-59\">\n\t\t\t\t\t\t<section class=\"elementor-section elementor-top-section elementor-element elementor-element-51979e55 elementor-section-height-min-height elementor-section-boxed elementor-section-height-default elementor-section-items-middle\" data-id=\"51979e55\" data-element_type=\"section\" data-settings=\"{&quot;background_background&quot;:&quot;classic&quot;}\">\n\t\t\t\t\t\t<div class=\"elementor-container elementor-column-gap-default\">\n\t\t\t\t\t<div class=\"elementor-column elementor-col-100 elementor-top-column elementor-element elementor-element-75e0de16\" data-id=\"75e0de16\" data-element_type=\"column\">\n\t\t\t<div class=\"elementor-widget-wrap elementor-element-populated\">\n\t\t\t\t\t\t<div class=\"elementor-element elementor-element-7a5f9ef0 elementor-widget elementor-widget-heading\" data-id=\"7a5f9ef0\" data-element_type=\"widget\" data-widget_type=\"heading.default\">\n\t\t\t\t<div class=\"elementor-widget-container\">\n\t\t\t<style>\/*! elementor - v3.20.0 - 26-03-2024 *\/\n.elementor-heading-title{padding:0;margin:0;line-height:1}.elementor-widget-heading .elementor-heading-title[class*=elementor-size-]>a{color:inherit;font-size:inherit;line-height:inherit}.elementor-widget-heading .elementor-heading-title.elementor-size-small{font-size:15px}.elementor-widget-heading .elementor-heading-title.elementor-size-medium{font-size:19px}.elementor-widget-heading .elementor-heading-title.elementor-size-large{font-size:29px}.elementor-widget-heading .elementor-heading-title.elementor-size-xl{font-size:39px}.elementor-widget-heading .elementor-heading-title.elementor-size-xxl{font-size:59px}<\/style><h1 class=\"elementor-heading-title elementor-size-default\">M\u0130SYONUMUZ<\/h1>\t\t<\/div>\n\t\t\t\t<\/div>\n\t\t\t\t\t<\/div>\n\t\t<\/div>\n\t\t\t\t\t<\/div>\n\t\t<\/section>\n\t\t\t\t<section class=\"elementor-section elementor-top-section elementor-element elementor-element-24f468b0 elementor-section-boxed elementor-section-height-default elementor-section-height-default\" data-id=\"24f468b0\" data-element_type=\"section\" data-settings=\"{&quot;background_background&quot;:&quot;classic&quot;}\">\n\t\t\t\t\t\t<div class=\"elementor-container elementor-column-gap-default\">\n\t\t\t\t\t<div class=\"elementor-column elementor-col-50 elementor-top-column elementor-element elementor-element-187548e0\" data-id=\"187548e0\" data-element_type=\"column\">\n\t\t\t<div class=\"elementor-widget-wrap elementor-element-populated\">\n\t\t\t\t\t\t<div class=\"elementor-element elementor-element-7a235f4f elementor-widget elementor-widget-image\" data-id=\"7a235f4f\" data-element_type=\"widget\" data-widget_type=\"image.default\">\n\t\t\t\t<div class=\"elementor-widget-container\">\n\t\t\t<style>\/*! elementor - v3.20.0 - 26-03-2024 *\/\n.elementor-widget-image{text-align:center}.elementor-widget-image a{display:inline-block}.elementor-widget-image a img[src$=\".svg\"]{width:48px}.elementor-widget-image img{vertical-align:middle;display:inline-block}<\/style>\t\t\t\t\t\t\t\t\t\t<img fetchpriority=\"high\" decoding=\"async\" width=\"800\" height=\"534\" src=\"https:\/\/theonlynaturals.com\/wp-content\/uploads\/2021\/09\/oyprojects-06-scaled-1-1024x683.jpg\" class=\"attachment-large size-large wp-image-28\" alt=\"\" srcset=\"https:\/\/theonlynaturals.com\/wp-content\/uploads\/2021\/09\/oyprojects-06-scaled-1-1024x683.jpg 1024w, https:\/\/theonlynaturals.com\/wp-content\/uploads\/2021\/09\/oyprojects-06-scaled-1-600x400.jpg 600w, https:\/\/theonlynaturals.com\/wp-content\/uploads\/2021\/09\/oyprojects-06-scaled-1-300x200.jpg 300w, https:\/\/theonlynaturals.com\/wp-content\/uploads\/2021\/09\/oyprojects-06-scaled-1-768x512.jpg 768w, https:\/\/theonlynaturals.com\/wp-content\/uploads\/2021\/09\/oyprojects-06-scaled-1-1536x1024.jpg 1536w, https:\/\/theonlynaturals.com\/wp-content\/uploads\/2021\/09\/oyprojects-06-scaled-1-2048x1366.jpg 2048w\" sizes=\"(max-width: 800px) 100vw, 800px\" \/>\t\t\t\t\t\t\t\t\t\t\t\t\t<\/div>\n\t\t\t\t<\/div>\n\t\t\t\t\t<\/div>\n\t\t<\/div>\n\t\t\t\t<div class=\"elementor-column elementor-col-50 elementor-top-column elementor-element elementor-element-787834af\" data-id=\"787834af\" data-element_type=\"column\">\n\t\t\t<div class=\"elementor-widget-wrap elementor-element-populated\">\n\t\t\t\t\t\t<div class=\"elementor-element elementor-element-22ec9aa1 elementor-widget elementor-widget-text-editor\" data-id=\"22ec9aa1\" data-element_type=\"widget\" data-widget_type=\"text-editor.default\">\n\t\t\t\t<div class=\"elementor-widget-container\">\n\t\t\t<style>\/*! elementor - v3.20.0 - 26-03-2024 *\/\n.elementor-widget-text-editor.elementor-drop-cap-view-stacked .elementor-drop-cap{background-color:#69727d;color:#fff}.elementor-widget-text-editor.elementor-drop-cap-view-framed .elementor-drop-cap{color:#69727d;border:3px solid;background-color:transparent}.elementor-widget-text-editor:not(.elementor-drop-cap-view-default) .elementor-drop-cap{margin-top:8px}.elementor-widget-text-editor:not(.elementor-drop-cap-view-default) .elementor-drop-cap-letter{width:1em;height:1em}.elementor-widget-text-editor .elementor-drop-cap{float:left;text-align:center;line-height:1;font-size:50px}.elementor-widget-text-editor .elementor-drop-cap-letter{display:inline-block}<\/style>\t\t\t\t<p>Misyonumuz, \u00e7evreye duyarl\u0131 t\u00fcketim bi\u00e7imlerinin sorumlulu\u011funu ortaya \u00e7\u0131karmak ve toksikli\u011fi yava\u015flatmakt\u0131r.<\/p>\n<p>Etik bir kazan-kazan anlay\u0131\u015f\u0131na inan\u0131yoruz ve bu vizyonla, ger\u00e7ekten s\u00fcrd\u00fcr\u00fclebilir her tasar\u0131m\u0131n merkezinde olmay\u0131 ve t\u00fcketicilerimiz i\u00e7in yaln\u0131zca sa\u011fl\u0131k ve esenlik getirecek ger\u00e7ekten benzersiz bir deneyim yaratmay\u0131 hedefliyoruz.<\/p>\n<p>Sa\u011fl\u0131kl\u0131 ya\u015fam alan\u0131 ve habitat\u0131n olu\u015fmas\u0131 i\u00e7in ekosistemi olu\u015fturan t\u00fcm unsurlar\u0131n uyum i\u00e7inde bir araya geldi\u011fine inan\u0131yoruz.<\/p>\n<p>Ya\u015fad\u0131\u011f\u0131m\u0131z mekanlar\u0131 tasarlarken, se\u00e7erken ve donat\u0131rken sorumlu \u00fcretici, t\u00fcketici ve kullan\u0131c\u0131 olarak hareket etmemiz gerekti\u011fini biliyoruz.<\/p>\n<p>Tasar\u0131mlar\u0131m\u0131z\u0131 ve uygulamalar\u0131m\u0131z\u0131 bu ilkeler \u00fczerine geli\u015ftiriyoruz.<\/p>\n<p>Sadece bizimle ayn\u0131 bak\u0131\u015f a\u00e7\u0131s\u0131na sahip ortaklarla hareket eder ve i\u015fbirli\u011fi yapar\u0131z.<\/p>\n\t\t\t\t\t\t<\/div>\n\t\t\t\t<\/div>\n\t\t\t\t\t<\/div>\n\t\t<\/div>\n\t\t\t\t\t<\/div>\n\t\t<\/section>\n\t\t\t\t<\/div>\n\t\t","protected":false},"excerpt":{"rendered":"<p>M\u0130SYONUMUZ Misyonumuz, \u00e7evreye duyarl\u0131 t\u00fcketim bi\u00e7imlerinin sorumlulu\u011funu ortaya \u00e7\u0131karmak ve toksikli\u011fi yava\u015flatmakt\u0131r. Etik bir kazan-kazan anlay\u0131\u015f\u0131na inan\u0131yoruz ve bu vizyonla, ger\u00e7ekten s\u00fcrd\u00fcr\u00fclebilir her tasar\u0131m\u0131n merkezinde olmay\u0131 ve t\u00fcketicilerimiz i\u00e7in yaln\u0131zca sa\u011fl\u0131k ve esenlik getirecek ger\u00e7ekten benzersiz bir deneyim yaratmay\u0131 hedefliyoruz. Sa\u011fl\u0131kl\u0131 ya\u015fam alan\u0131 ve habitat\u0131n olu\u015fmas\u0131 i\u00e7in ekosistemi olu\u015fturan t\u00fcm unsurlar\u0131n uyum i\u00e7inde bir araya [&hellip;]<\/p>\n","protected":false},"author":1,"featured_media":0,"parent":0,"menu_order":0,"comment_status":"closed","ping_status":"closed","template":"","meta":{"footnotes":""},"yoast_head":"<!-- This site is optimized with the Yoast SEO plugin v22.4 - https:\/\/yoast.com\/wordpress\/plugins\/seo\/ -->\n<title>M\u0130SYONUMUZ - TheOnlyNaturals<\/title>\n<meta name=\"robots\" content=\"index, follow, max-snippet:-1, max-image-preview:large, max-video-preview:-1\" \/>\n<link rel=\"canonical\" href=\"https:\/\/theonlynaturals.com\/tr\/misyonumuz\/\" \/>\n<meta property=\"og:locale\" content=\"tr_TR\" \/>\n<meta property=\"og:type\" content=\"article\" \/>\n<meta property=\"og:title\" content=\"M\u0130SYONUMUZ - TheOnlyNaturals\" \/>\n<meta property=\"og:description\" content=\"M\u0130SYONUMUZ Misyonumuz, \u00e7evreye duyarl\u0131 t\u00fcketim bi\u00e7imlerinin sorumlulu\u011funu ortaya \u00e7\u0131karmak ve toksikli\u011fi yava\u015flatmakt\u0131r. Etik bir kazan-kazan anlay\u0131\u015f\u0131na inan\u0131yoruz ve bu vizyonla, ger\u00e7ekten s\u00fcrd\u00fcr\u00fclebilir her tasar\u0131m\u0131n merkezinde olmay\u0131 ve t\u00fcketicilerimiz i\u00e7in yaln\u0131zca sa\u011fl\u0131k ve esenlik getirecek ger\u00e7ekten benzersiz bir deneyim yaratmay\u0131 hedefliyoruz. Sa\u011fl\u0131kl\u0131 ya\u015fam alan\u0131 ve habitat\u0131n olu\u015fmas\u0131 i\u00e7in ekosistemi olu\u015fturan t\u00fcm unsurlar\u0131n uyum i\u00e7inde bir araya [&hellip;]\" \/>\n<meta property=\"og:url\" content=\"https:\/\/theonlynaturals.com\/tr\/misyonumuz\/\" \/>\n<meta property=\"og:site_name\" content=\"TheOnlyNaturals\" \/>\n<meta property=\"article:modified_time\" content=\"2021-11-24T12:15:11+00:00\" \/>\n<meta property=\"og:image\" content=\"https:\/\/theonlynaturals.com\/wp-content\/uploads\/2021\/09\/oyprojects-06-scaled-1-1024x683.jpg\" \/>\n<meta name=\"twitter:card\" content=\"summary_large_image\" \/>\n<meta name=\"twitter:label1\" content=\"Tahmini okuma s\u00fcresi\" \/>\n\t<meta name=\"twitter:data1\" content=\"1 dakika\" \/>\n<script type=\"application\/ld+json\" class=\"yoast-schema-graph\">{\"@context\":\"https:\/\/schema.org\",\"@graph\":[{\"@type\":\"WebPage\",\"@id\":\"https:\/\/theonlynaturals.com\/tr\/misyonumuz\/\",\"url\":\"https:\/\/theonlynaturals.com\/tr\/misyonumuz\/\",\"name\":\"M\u0130SYONUMUZ - TheOnlyNaturals\",\"isPartOf\":{\"@id\":\"https:\/\/theonlynaturals.com\/#website\"},\"primaryImageOfPage\":{\"@id\":\"https:\/\/theonlynaturals.com\/tr\/misyonumuz\/#primaryimage\"},\"image\":{\"@id\":\"https:\/\/theonlynaturals.com\/tr\/misyonumuz\/#primaryimage\"},\"thumbnailUrl\":\"https:\/\/theonlynaturals.com\/wp-content\/uploads\/2021\/09\/oyprojects-06-scaled-1-1024x683.jpg\",\"datePublished\":\"2021-11-24T12:12:07+00:00\",\"dateModified\":\"2021-11-24T12:15:11+00:00\",\"breadcrumb\":{\"@id\":\"https:\/\/theonlynaturals.com\/tr\/misyonumuz\/#breadcrumb\"},\"inLanguage\":\"tr\",\"potentialAction\":[{\"@type\":\"ReadAction\",\"target\":[\"https:\/\/theonlynaturals.com\/tr\/misyonumuz\/\"]}]},{\"@type\":\"ImageObject\",\"inLanguage\":\"tr\",\"@id\":\"https:\/\/theonlynaturals.com\/tr\/misyonumuz\/#primaryimage\",\"url\":\"https:\/\/theonlynaturals.com\/wp-content\/uploads\/2021\/09\/oyprojects-06-scaled-1-1024x683.jpg\",\"contentUrl\":\"https:\/\/theonlynaturals.com\/wp-content\/uploads\/2021\/09\/oyprojects-06-scaled-1-1024x683.jpg\"},{\"@type\":\"BreadcrumbList\",\"@id\":\"https:\/\/theonlynaturals.com\/tr\/misyonumuz\/#breadcrumb\",\"itemListElement\":[{\"@type\":\"ListItem\",\"position\":1,\"name\":\"Home\",\"item\":\"https:\/\/theonlynaturals.com\/tr\/\"},{\"@type\":\"ListItem\",\"position\":2,\"name\":\"M\u0130SYONUMUZ\"}]},{\"@type\":\"WebSite\",\"@id\":\"https:\/\/theonlynaturals.com\/#website\",\"url\":\"https:\/\/theonlynaturals.com\/\",\"name\":\"TheOnlyNaturals\",\"description\":\"Luxury, Quality and Naturality Come Together\",\"potentialAction\":[{\"@type\":\"SearchAction\",\"target\":{\"@type\":\"EntryPoint\",\"urlTemplate\":\"https:\/\/theonlynaturals.com\/?s={search_term_string}\"},\"query-input\":\"required name=search_term_string\"}],\"inLanguage\":\"tr\"}]}<\/script>\n<!-- \/ Yoast SEO plugin. -->","yoast_head_json":{"title":"M\u0130SYONUMUZ - TheOnlyNaturals","robots":{"index":"index","follow":"follow","max-snippet":"max-snippet:-1","max-image-preview":"max-image-preview:large","max-video-preview":"max-video-preview:-1"},"canonical":"https:\/\/theonlynaturals.com\/tr\/misyonumuz\/","og_locale":"tr_TR","og_type":"article","og_title":"M\u0130SYONUMUZ - TheOnlyNaturals","og_description":"M\u0130SYONUMUZ Misyonumuz, \u00e7evreye duyarl\u0131 t\u00fcketim bi\u00e7imlerinin sorumlulu\u011funu ortaya \u00e7\u0131karmak ve toksikli\u011fi yava\u015flatmakt\u0131r. Etik bir kazan-kazan anlay\u0131\u015f\u0131na inan\u0131yoruz ve bu vizyonla, ger\u00e7ekten s\u00fcrd\u00fcr\u00fclebilir her tasar\u0131m\u0131n merkezinde olmay\u0131 ve t\u00fcketicilerimiz i\u00e7in yaln\u0131zca sa\u011fl\u0131k ve esenlik getirecek ger\u00e7ekten benzersiz bir deneyim yaratmay\u0131 hedefliyoruz. Sa\u011fl\u0131kl\u0131 ya\u015fam alan\u0131 ve habitat\u0131n olu\u015fmas\u0131 i\u00e7in ekosistemi olu\u015fturan t\u00fcm unsurlar\u0131n uyum i\u00e7inde bir araya [&hellip;]","og_url":"https:\/\/theonlynaturals.com\/tr\/misyonumuz\/","og_site_name":"TheOnlyNaturals","article_modified_time":"2021-11-24T12:15:11+00:00","og_image":[{"url":"https:\/\/theonlynaturals.com\/wp-content\/uploads\/2021\/09\/oyprojects-06-scaled-1-1024x683.jpg"}],"twitter_card":"summary_large_image","twitter_misc":{"Tahmini okuma s\u00fcresi":"1 dakika"},"schema":{"@context":"https:\/\/schema.org","@graph":[{"@type":"WebPage","@id":"https:\/\/theonlynaturals.com\/tr\/misyonumuz\/","url":"https:\/\/theonlynaturals.com\/tr\/misyonumuz\/","name":"M\u0130SYONUMUZ - TheOnlyNaturals","isPartOf":{"@id":"https:\/\/theonlynaturals.com\/#website"},"primaryImageOfPage":{"@id":"https:\/\/theonlynaturals.com\/tr\/misyonumuz\/#primaryimage"},"image":{"@id":"https:\/\/theonlynaturals.com\/tr\/misyonumuz\/#primaryimage"},"thumbnailUrl":"https:\/\/theonlynaturals.com\/wp-content\/uploads\/2021\/09\/oyprojects-06-scaled-1-1024x683.jpg","datePublished":"2021-11-24T12:12:07+00:00","dateModified":"2021-11-24T12:15:11+00:00","breadcrumb":{"@id":"https:\/\/theonlynaturals.com\/tr\/misyonumuz\/#breadcrumb"},"inLanguage":"tr","potentialAction":[{"@type":"ReadAction","target":["https:\/\/theonlynaturals.com\/tr\/misyonumuz\/"]}]},{"@type":"ImageObject","inLanguage":"tr","@id":"https:\/\/theonlynaturals.com\/tr\/misyonumuz\/#primaryimage","url":"https:\/\/theonlynaturals.com\/wp-content\/uploads\/2021\/09\/oyprojects-06-scaled-1-1024x683.jpg","contentUrl":"https:\/\/theonlynaturals.com\/wp-content\/uploads\/2021\/09\/oyprojects-06-scaled-1-1024x683.jpg"},{"@type":"BreadcrumbList","@id":"https:\/\/theonlynaturals.com\/tr\/misyonumuz\/#breadcrumb","itemListElement":[{"@type":"ListItem","position":1,"name":"Home","item":"https:\/\/theonlynaturals.com\/tr\/"},{"@type":"ListItem","position":2,"name":"M\u0130SYONUMUZ"}]},{"@type":"WebSite","@id":"https:\/\/theonlynaturals.com\/#website","url":"https:\/\/theonlynaturals.com\/","name":"TheOnlyNaturals","description":"Luxury, Quality and Naturality Come Together","potentialAction":[{"@type":"SearchAction","target":{"@type":"EntryPoint","urlTemplate":"https:\/\/theonlynaturals.com\/?s={search_term_string}"},"query-input":"required name=search_term_string"}],"inLanguage":"tr"}]}},"_links":{"self":[{"href":"https:\/\/theonlynaturals.com\/tr\/wp-json\/wp\/v2\/pages\/845"}],"collection":[{"href":"https:\/\/theonlynaturals.com\/tr\/wp-json\/wp\/v2\/pages"}],"about":[{"href":"https:\/\/theonlynaturals.com\/tr\/wp-json\/wp\/v2\/types\/page"}],"author":[{"embeddable":true,"href":"https:\/\/theonlynaturals.com\/tr\/wp-json\/wp\/v2\/users\/1"}],"replies":[{"embeddable":true,"href":"https:\/\/theonlynaturals.com\/tr\/wp-json\/wp\/v2\/comments?post=845"}],"version-history":[{"count":1,"href":"https:\/\/theonlynaturals.com\/tr\/wp-json\/wp\/v2\/pages\/845\/revisions"}],"predecessor-version":[{"id":847,"href":"https:\/\/theonlynaturals.com\/tr\/wp-json\/wp\/v2\/pages\/845\/revisions\/847"}],"wp:attachment":[{"href":"https:\/\/theonlynaturals.com\/tr\/wp-json\/wp\/v2\/media?parent=845"}],"curies":[{"name":"wp","href":"https:\/\/api.w.org\/{rel}","templated":true}]}}