{"id":856,"date":"2021-11-24T15:16:01","date_gmt":"2021-11-24T12:16:01","guid":{"rendered":"https:\/\/theonlynaturals.com\/ana-sayfa\/"},"modified":"2021-11-24T15:16:01","modified_gmt":"2021-11-24T12:16:01","slug":"ana-sayfa","status":"publish","type":"page","link":"https:\/\/theonlynaturals.com\/tr\/ana-sayfa\/","title":{"rendered":"ANA SAYFA"},"content":{"rendered":"\t\t<div data-elementor-type=\"wp-page\" data-elementor-id=\"856\" class=\"elementor elementor-856 elementor-37\">\n\t\t\t\t\t\t<section class=\"elementor-section elementor-top-section elementor-element elementor-element-5da42626 elementor-section-height-min-height elementor-section-boxed elementor-section-height-default elementor-section-items-middle\" data-id=\"5da42626\" data-element_type=\"section\">\n\t\t\t\t\t\t<div class=\"elementor-container elementor-column-gap-no\">\n\t\t\t\t\t<div class=\"elementor-column elementor-col-100 elementor-top-column elementor-element elementor-element-18921f4c\" data-id=\"18921f4c\" data-element_type=\"column\">\n\t\t\t<div class=\"elementor-widget-wrap elementor-element-populated\">\n\t\t\t\t\t\t<div class=\"elementor-element elementor-element-3c239345 elementor-pagination-position-outside elementor--h-position-center elementor--v-position-middle elementor-arrows-position-inside elementor-widget elementor-widget-slides\" data-id=\"3c239345\" data-element_type=\"widget\" data-settings=\"{&quot;navigation&quot;:&quot;both&quot;,&quot;autoplay&quot;:&quot;yes&quot;,&quot;pause_on_hover&quot;:&quot;yes&quot;,&quot;pause_on_interaction&quot;:&quot;yes&quot;,&quot;autoplay_speed&quot;:5000,&quot;infinite&quot;:&quot;yes&quot;,&quot;transition&quot;:&quot;slide&quot;,&quot;transition_speed&quot;:500}\" data-widget_type=\"slides.default\">\n\t\t\t\t<div class=\"elementor-widget-container\">\n\t\t\t<style>\/*! elementor-pro - v3.6.3 - 28-02-2022 *\/\n.elementor-slides .swiper-slide-bg{background-size:cover;background-position:50%;background-repeat:no-repeat;min-width:100%;min-height:100%}.elementor-slides .swiper-slide-inner{background-repeat:no-repeat;background-position:50%;position:absolute;top:0;left:0;bottom:0;right:0;padding:50px;margin:auto}.elementor-slides .swiper-slide-inner,.elementor-slides .swiper-slide-inner:hover{color:#fff;display:-webkit-box;display:-ms-flexbox;display:flex}.elementor-slides .swiper-slide-inner .elementor-background-overlay{position:absolute;z-index:0;top:0;bottom:0;left:0;right:0}.elementor-slides .swiper-slide-inner .elementor-slide-content{position:relative;z-index:1;width:100%}.elementor-slides .swiper-slide-inner .elementor-slide-heading{font-size:35px;font-weight:700;line-height:1}.elementor-slides .swiper-slide-inner .elementor-slide-description{font-size:17px;line-height:1.4}.elementor-slides .swiper-slide-inner .elementor-slide-description:not(:last-child),.elementor-slides .swiper-slide-inner .elementor-slide-heading:not(:last-child){margin-bottom:30px}.elementor-slides .swiper-slide-inner .elementor-slide-button{border:2px solid #fff;color:#fff;background:transparent;display:inline-block}.elementor-slides .swiper-slide-inner .elementor-slide-button,.elementor-slides .swiper-slide-inner .elementor-slide-button:hover{background:transparent;color:inherit;text-decoration:none}.elementor--v-position-top .swiper-slide-inner{-webkit-box-align:start;-ms-flex-align:start;align-items:flex-start}.elementor--v-position-bottom .swiper-slide-inner{-webkit-box-align:end;-ms-flex-align:end;align-items:flex-end}.elementor--v-position-middle .swiper-slide-inner{-webkit-box-align:center;-ms-flex-align:center;align-items:center}.elementor--h-position-left .swiper-slide-inner{-webkit-box-pack:start;-ms-flex-pack:start;justify-content:flex-start}.elementor--h-position-right .swiper-slide-inner{-webkit-box-pack:end;-ms-flex-pack:end;justify-content:flex-end}.elementor--h-position-center .swiper-slide-inner{-webkit-box-pack:center;-ms-flex-pack:center;justify-content:center}body.rtl .elementor-widget-slides .elementor-swiper-button-next{left:10px;right:auto}body.rtl .elementor-widget-slides .elementor-swiper-button-prev{right:10px;left:auto}.elementor-slides-wrapper div:not(.swiper-slide)>.swiper-slide-inner{display:none}@media (max-width:767px){.elementor-slides .swiper-slide-inner{padding:30px}.elementor-slides .swiper-slide-inner .elementor-slide-heading{font-size:23px;line-height:1;margin-bottom:15px}.elementor-slides .swiper-slide-inner .elementor-slide-description{font-size:13px;line-height:1.4;margin-bottom:15px}}<\/style>\t\t<div class=\"elementor-swiper\">\n\t\t\t<div class=\"elementor-slides-wrapper elementor-main-swiper swiper-container\" dir=\"ltr\" data-animation=\"fadeInUp\">\n\t\t\t\t<div class=\"swiper-wrapper elementor-slides\">\n\t\t\t\t\t\t\t\t\t\t<div class=\"elementor-repeater-item-1197743 swiper-slide\"><div class=\"swiper-slide-bg elementor-ken-burns elementor-ken-burns--in\"><\/div><a class=\"swiper-slide-inner\" href=\"https:\/\/theonlynaturals.com\/product-category\/home-essentials\/\"><div class=\"swiper-slide-contents\"><div class=\"elementor-slide-heading\">EV GEREKS\u0130N\u0130MLER\u0130<\/div><div  class=\"elementor-button elementor-slide-button elementor-size-xs\">Detayl\u0131 Bilgi<\/div><\/div><\/a><\/div><div class=\"elementor-repeater-item-8dfbdeb swiper-slide\"><div class=\"swiper-slide-bg elementor-ken-burns elementor-ken-burns--in\"><\/div><a class=\"swiper-slide-inner\" href=\"https:\/\/theonlynaturals.com\/product-category\/personal-essentials\/\"><div class=\"swiper-slide-contents\"><div class=\"elementor-slide-heading\">K\u0130\u015e\u0130SEL GEREKS\u0130N\u0130MLER<\/div><div  class=\"elementor-button elementor-slide-button elementor-size-xs\">Detayl\u0131 Bilgi<\/div><\/div><\/a><\/div><div class=\"elementor-repeater-item-3149ec6 swiper-slide\"><div class=\"swiper-slide-bg elementor-ken-burns elementor-ken-burns--in\"><\/div><div class=\"swiper-slide-inner\" ><div class=\"swiper-slide-contents\"><div class=\"elementor-slide-heading\">MODA<\/div><div  class=\"elementor-button elementor-slide-button elementor-size-xs\">Detayl\u0131 Bilgi<\/div><\/div><\/div><\/div>\t\t\t\t<\/div>\n\t\t\t\t\t\t\t\t\t\t\t\t\t\t\t<div class=\"swiper-pagination\"><\/div>\n\t\t\t\t\t\t\t\t\t\t\t\t\t\t\t\t<div class=\"elementor-swiper-button elementor-swiper-button-prev\">\n\t\t\t\t\t\t\t<i aria-hidden=\"true\" class=\"eicon-chevron-left\"><\/i>\t\t\t\t\t\t\t<span class=\"elementor-screen-only\">Previous<\/span>\n\t\t\t\t\t\t<\/div>\n\t\t\t\t\t\t<div class=\"elementor-swiper-button elementor-swiper-button-next\">\n\t\t\t\t\t\t\t<i aria-hidden=\"true\" class=\"eicon-chevron-right\"><\/i>\t\t\t\t\t\t\t<span class=\"elementor-screen-only\">Next<\/span>\n\t\t\t\t\t\t<\/div>\n\t\t\t\t\t\t\t\t\t\t\t\t<\/div>\n\t\t<\/div>\n\t\t\t\t<\/div>\n\t\t\t\t<\/div>\n\t\t\t\t\t<\/div>\n\t\t<\/div>\n\t\t\t\t\t<\/div>\n\t\t<\/section>\n\t\t\t\t<\/div>\n\t\t","protected":false},"excerpt":{"rendered":"<p>EV GEREKS\u0130N\u0130MLER\u0130Detayl\u0131 BilgiK\u0130\u015e\u0130SEL GEREKS\u0130N\u0130MLERDetayl\u0131 BilgiMODADetayl\u0131 Bilgi Previous Next<\/p>\n","protected":false},"author":1,"featured_media":0,"parent":0,"menu_order":0,"comment_status":"closed","ping_status":"closed","template":"","meta":{"footnotes":""},"yoast_head":"<!-- This site is optimized with the Yoast SEO plugin v22.4 - https:\/\/yoast.com\/wordpress\/plugins\/seo\/ -->\n<title>ANA SAYFA - TheOnlyNaturals<\/title>\n<meta name=\"robots\" content=\"index, follow, max-snippet:-1, max-image-preview:large, max-video-preview:-1\" \/>\n<link rel=\"canonical\" href=\"https:\/\/theonlynaturals.com\/tr\/ana-sayfa\/\" \/>\n<meta property=\"og:locale\" content=\"tr_TR\" \/>\n<meta property=\"og:type\" content=\"article\" \/>\n<meta property=\"og:title\" content=\"ANA SAYFA - TheOnlyNaturals\" \/>\n<meta property=\"og:description\" content=\"EV GEREKS\u0130N\u0130MLER\u0130Detayl\u0131 BilgiK\u0130\u015e\u0130SEL GEREKS\u0130N\u0130MLERDetayl\u0131 BilgiMODADetayl\u0131 Bilgi Previous Next\" \/>\n<meta property=\"og:url\" content=\"https:\/\/theonlynaturals.com\/tr\/ana-sayfa\/\" \/>\n<meta property=\"og:site_name\" content=\"TheOnlyNaturals\" \/>\n<meta name=\"twitter:card\" content=\"summary_large_image\" \/>\n<script type=\"application\/ld+json\" class=\"yoast-schema-graph\">{\"@context\":\"https:\/\/schema.org\",\"@graph\":[{\"@type\":\"WebPage\",\"@id\":\"https:\/\/theonlynaturals.com\/tr\/ana-sayfa\/\",\"url\":\"https:\/\/theonlynaturals.com\/tr\/ana-sayfa\/\",\"name\":\"ANA SAYFA - TheOnlyNaturals\",\"isPartOf\":{\"@id\":\"https:\/\/theonlynaturals.com\/#website\"},\"datePublished\":\"2021-11-24T12:16:01+00:00\",\"dateModified\":\"2021-11-24T12:16:01+00:00\",\"breadcrumb\":{\"@id\":\"https:\/\/theonlynaturals.com\/tr\/ana-sayfa\/#breadcrumb\"},\"inLanguage\":\"tr\",\"potentialAction\":[{\"@type\":\"ReadAction\",\"target\":[\"https:\/\/theonlynaturals.com\/tr\/ana-sayfa\/\"]}]},{\"@type\":\"BreadcrumbList\",\"@id\":\"https:\/\/theonlynaturals.com\/tr\/ana-sayfa\/#breadcrumb\",\"itemListElement\":[{\"@type\":\"ListItem\",\"position\":1,\"name\":\"Home\",\"item\":\"https:\/\/theonlynaturals.com\/tr\/\"},{\"@type\":\"ListItem\",\"position\":2,\"name\":\"ANA SAYFA\"}]},{\"@type\":\"WebSite\",\"@id\":\"https:\/\/theonlynaturals.com\/#website\",\"url\":\"https:\/\/theonlynaturals.com\/\",\"name\":\"TheOnlyNaturals\",\"description\":\"Luxury, Quality and Naturality Come Together\",\"potentialAction\":[{\"@type\":\"SearchAction\",\"target\":{\"@type\":\"EntryPoint\",\"urlTemplate\":\"https:\/\/theonlynaturals.com\/?s={search_term_string}\"},\"query-input\":\"required name=search_term_string\"}],\"inLanguage\":\"tr\"}]}<\/script>\n<!-- \/ Yoast SEO plugin. -->","yoast_head_json":{"title":"ANA SAYFA - TheOnlyNaturals","robots":{"index":"index","follow":"follow","max-snippet":"max-snippet:-1","max-image-preview":"max-image-preview:large","max-video-preview":"max-video-preview:-1"},"canonical":"https:\/\/theonlynaturals.com\/tr\/ana-sayfa\/","og_locale":"tr_TR","og_type":"article","og_title":"ANA SAYFA - TheOnlyNaturals","og_description":"EV GEREKS\u0130N\u0130MLER\u0130Detayl\u0131 BilgiK\u0130\u015e\u0130SEL GEREKS\u0130N\u0130MLERDetayl\u0131 BilgiMODADetayl\u0131 Bilgi Previous Next","og_url":"https:\/\/theonlynaturals.com\/tr\/ana-sayfa\/","og_site_name":"TheOnlyNaturals","twitter_card":"summary_large_image","schema":{"@context":"https:\/\/schema.org","@graph":[{"@type":"WebPage","@id":"https:\/\/theonlynaturals.com\/tr\/ana-sayfa\/","url":"https:\/\/theonlynaturals.com\/tr\/ana-sayfa\/","name":"ANA SAYFA - TheOnlyNaturals","isPartOf":{"@id":"https:\/\/theonlynaturals.com\/#website"},"datePublished":"2021-11-24T12:16:01+00:00","dateModified":"2021-11-24T12:16:01+00:00","breadcrumb":{"@id":"https:\/\/theonlynaturals.com\/tr\/ana-sayfa\/#breadcrumb"},"inLanguage":"tr","potentialAction":[{"@type":"ReadAction","target":["https:\/\/theonlynaturals.com\/tr\/ana-sayfa\/"]}]},{"@type":"BreadcrumbList","@id":"https:\/\/theonlynaturals.com\/tr\/ana-sayfa\/#breadcrumb","itemListElement":[{"@type":"ListItem","position":1,"name":"Home","item":"https:\/\/theonlynaturals.com\/tr\/"},{"@type":"ListItem","position":2,"name":"ANA SAYFA"}]},{"@type":"WebSite","@id":"https:\/\/theonlynaturals.com\/#website","url":"https:\/\/theonlynaturals.com\/","name":"TheOnlyNaturals","description":"Luxury, Quality and Naturality Come Together","potentialAction":[{"@type":"SearchAction","target":{"@type":"EntryPoint","urlTemplate":"https:\/\/theonlynaturals.com\/?s={search_term_string}"},"query-input":"required name=search_term_string"}],"inLanguage":"tr"}]}},"_links":{"self":[{"href":"https:\/\/theonlynaturals.com\/tr\/wp-json\/wp\/v2\/pages\/856"}],"collection":[{"href":"https:\/\/theonlynaturals.com\/tr\/wp-json\/wp\/v2\/pages"}],"about":[{"href":"https:\/\/theonlynaturals.com\/tr\/wp-json\/wp\/v2\/types\/page"}],"author":[{"embeddable":true,"href":"https:\/\/theonlynaturals.com\/tr\/wp-json\/wp\/v2\/users\/1"}],"replies":[{"embeddable":true,"href":"https:\/\/theonlynaturals.com\/tr\/wp-json\/wp\/v2\/comments?post=856"}],"version-history":[{"count":1,"href":"https:\/\/theonlynaturals.com\/tr\/wp-json\/wp\/v2\/pages\/856\/revisions"}],"predecessor-version":[{"id":857,"href":"https:\/\/theonlynaturals.com\/tr\/wp-json\/wp\/v2\/pages\/856\/revisions\/857"}],"wp:attachment":[{"href":"https:\/\/theonlynaturals.com\/tr\/wp-json\/wp\/v2\/media?parent=856"}],"curies":[{"name":"wp","href":"https:\/\/api.w.org\/{rel}","templated":true}]}}