{"id":865,"date":"2021-11-24T15:20:49","date_gmt":"2021-11-24T12:20:49","guid":{"rendered":"https:\/\/theonlynaturals.com\/felsefemiz\/"},"modified":"2021-11-24T15:20:50","modified_gmt":"2021-11-24T12:20:50","slug":"felsefemiz","status":"publish","type":"page","link":"https:\/\/theonlynaturals.com\/tr\/felsefemiz\/","title":{"rendered":"FELSEFEM\u0130Z"},"content":{"rendered":"\t\t<div data-elementor-type=\"wp-page\" data-elementor-id=\"865\" class=\"elementor elementor-865 elementor-53\">\n\t\t\t\t\t\t<section class=\"elementor-section elementor-top-section elementor-element elementor-element-789a76fe elementor-section-height-min-height elementor-section-boxed elementor-section-height-default elementor-section-items-middle\" data-id=\"789a76fe\" data-element_type=\"section\" data-settings=\"{&quot;background_background&quot;:&quot;classic&quot;}\">\n\t\t\t\t\t\t<div class=\"elementor-container elementor-column-gap-default\">\n\t\t\t\t\t<div class=\"elementor-column elementor-col-100 elementor-top-column elementor-element elementor-element-264c6906\" data-id=\"264c6906\" data-element_type=\"column\">\n\t\t\t<div class=\"elementor-widget-wrap elementor-element-populated\">\n\t\t\t\t\t\t<div class=\"elementor-element elementor-element-71ee290f elementor-widget elementor-widget-heading\" data-id=\"71ee290f\" data-element_type=\"widget\" data-widget_type=\"heading.default\">\n\t\t\t\t<div class=\"elementor-widget-container\">\n\t\t\t<style>\/*! elementor - v3.20.0 - 26-03-2024 *\/\n.elementor-heading-title{padding:0;margin:0;line-height:1}.elementor-widget-heading .elementor-heading-title[class*=elementor-size-]>a{color:inherit;font-size:inherit;line-height:inherit}.elementor-widget-heading .elementor-heading-title.elementor-size-small{font-size:15px}.elementor-widget-heading .elementor-heading-title.elementor-size-medium{font-size:19px}.elementor-widget-heading .elementor-heading-title.elementor-size-large{font-size:29px}.elementor-widget-heading .elementor-heading-title.elementor-size-xl{font-size:39px}.elementor-widget-heading .elementor-heading-title.elementor-size-xxl{font-size:59px}<\/style><h1 class=\"elementor-heading-title elementor-size-default\">FELSEFEM\u0130Z<\/h1>\t\t<\/div>\n\t\t\t\t<\/div>\n\t\t\t\t\t<\/div>\n\t\t<\/div>\n\t\t\t\t\t<\/div>\n\t\t<\/section>\n\t\t\t\t<section class=\"elementor-section elementor-top-section elementor-element elementor-element-4e8032e0 elementor-section-boxed elementor-section-height-default elementor-section-height-default\" data-id=\"4e8032e0\" data-element_type=\"section\" data-settings=\"{&quot;background_background&quot;:&quot;classic&quot;}\">\n\t\t\t\t\t\t<div class=\"elementor-container elementor-column-gap-default\">\n\t\t\t\t\t<div class=\"elementor-column elementor-col-50 elementor-top-column elementor-element elementor-element-f8dac85\" data-id=\"f8dac85\" data-element_type=\"column\">\n\t\t\t<div class=\"elementor-widget-wrap elementor-element-populated\">\n\t\t\t\t\t\t<div class=\"elementor-element elementor-element-719270f3 elementor-widget elementor-widget-image\" data-id=\"719270f3\" data-element_type=\"widget\" data-widget_type=\"image.default\">\n\t\t\t\t<div class=\"elementor-widget-container\">\n\t\t\t<style>\/*! elementor - v3.20.0 - 26-03-2024 *\/\n.elementor-widget-image{text-align:center}.elementor-widget-image a{display:inline-block}.elementor-widget-image a img[src$=\".svg\"]{width:48px}.elementor-widget-image img{vertical-align:middle;display:inline-block}<\/style>\t\t\t\t\t\t\t\t\t\t<img fetchpriority=\"high\" decoding=\"async\" width=\"800\" height=\"532\" src=\"https:\/\/theonlynaturals.com\/wp-content\/uploads\/2021\/09\/oyprojects-08-scaled-1-1024x681.jpg\" class=\"attachment-large size-large wp-image-18\" alt=\"\" srcset=\"https:\/\/theonlynaturals.com\/wp-content\/uploads\/2021\/09\/oyprojects-08-scaled-1-1024x681.jpg 1024w, https:\/\/theonlynaturals.com\/wp-content\/uploads\/2021\/09\/oyprojects-08-scaled-1-600x399.jpg 600w, https:\/\/theonlynaturals.com\/wp-content\/uploads\/2021\/09\/oyprojects-08-scaled-1-300x199.jpg 300w, https:\/\/theonlynaturals.com\/wp-content\/uploads\/2021\/09\/oyprojects-08-scaled-1-768x511.jpg 768w, https:\/\/theonlynaturals.com\/wp-content\/uploads\/2021\/09\/oyprojects-08-scaled-1-1536x1021.jpg 1536w, https:\/\/theonlynaturals.com\/wp-content\/uploads\/2021\/09\/oyprojects-08-scaled-1-2048x1362.jpg 2048w\" sizes=\"(max-width: 800px) 100vw, 800px\" \/>\t\t\t\t\t\t\t\t\t\t\t\t\t<\/div>\n\t\t\t\t<\/div>\n\t\t\t\t\t<\/div>\n\t\t<\/div>\n\t\t\t\t<div class=\"elementor-column elementor-col-50 elementor-top-column elementor-element elementor-element-34f6006b\" data-id=\"34f6006b\" data-element_type=\"column\">\n\t\t\t<div class=\"elementor-widget-wrap elementor-element-populated\">\n\t\t\t\t\t\t<div class=\"elementor-element elementor-element-234408b4 elementor-widget elementor-widget-text-editor\" data-id=\"234408b4\" data-element_type=\"widget\" data-widget_type=\"text-editor.default\">\n\t\t\t\t<div class=\"elementor-widget-container\">\n\t\t\t<style>\/*! elementor - v3.20.0 - 26-03-2024 *\/\n.elementor-widget-text-editor.elementor-drop-cap-view-stacked .elementor-drop-cap{background-color:#69727d;color:#fff}.elementor-widget-text-editor.elementor-drop-cap-view-framed .elementor-drop-cap{color:#69727d;border:3px solid;background-color:transparent}.elementor-widget-text-editor:not(.elementor-drop-cap-view-default) .elementor-drop-cap{margin-top:8px}.elementor-widget-text-editor:not(.elementor-drop-cap-view-default) .elementor-drop-cap-letter{width:1em;height:1em}.elementor-widget-text-editor .elementor-drop-cap{float:left;text-align:center;line-height:1;font-size:50px}.elementor-widget-text-editor .elementor-drop-cap-letter{display:inline-block}<\/style>\t\t\t\t<p>Sa\u011fl\u0131k \u00f6nceli\u011fimiz, 4F felsefemiz!<\/p>\n<p>\u0130NSAN DOSTU Hayvan DOSTU &nbsp; &nbsp; &nbsp; &nbsp; &nbsp; &nbsp; &nbsp; &nbsp; &nbsp; &nbsp; &nbsp; &nbsp; &nbsp; &nbsp; &nbsp; &nbsp; &nbsp; &nbsp; &nbsp; &nbsp; &nbsp; &nbsp; &nbsp;<br \/>Do\u011fa DOSTU Ekoloji DOSTU<\/p>\n<p>Bu evrende yaln\u0131z olmad\u0131\u011f\u0131m\u0131z\u0131 biliyoruz ama biz de onun bir par\u00e7as\u0131y\u0131z. &nbsp;&nbsp;<\/p>\n<p>Sa\u011fl\u0131kl\u0131 ve ya\u015fanabilir bir \u00e7evrede ya\u015faman\u0131n herkesin hakk\u0131 oldu\u011funa inan\u0131yoruz.&nbsp; &nbsp; &nbsp; &nbsp; &nbsp; &nbsp;&nbsp;<\/p>\n<p>Su alt\u0131ndaki ya\u015fam\u0131, karadaki ya\u015fam\u0131 ve iklim eylemini kurtarmak i\u00e7in her t\u00fcrl\u00fc olumlu eylemde yer almay\u0131 ve i\u015fbirli\u011fi yapmay\u0131 ama\u00e7l\u0131yoruz. &nbsp; &nbsp; &nbsp; &nbsp; &nbsp; &nbsp;<\/p>\n<p>D\u00fcnyada yoksullu\u011fun olmamas\u0131, a\u00e7l\u0131\u011f\u0131n s\u0131f\u0131rlanmas\u0131, sa\u011fl\u0131k ve esenlik hedeflerine ula\u015fmay\u0131 ama\u00e7l\u0131yoruz.<\/p>\n<p>Sorumlu oldu\u011fumuza, \u00e7evre dostu ve sorumlu insanlarla birlikte kaliteli ve rafine bir gelecek in\u015fa edebilece\u011fimize inan\u0131yoruz.<\/p>\n\t\t\t\t\t\t<\/div>\n\t\t\t\t<\/div>\n\t\t\t\t<div class=\"elementor-element elementor-element-52919b52 elementor-widget elementor-widget-text-editor\" data-id=\"52919b52\" data-element_type=\"widget\" data-widget_type=\"text-editor.default\">\n\t\t\t\t<div class=\"elementor-widget-container\">\n\t\t\t\t\t\t\t\t\t\t\t\t\t<\/div>\n\t\t\t\t<\/div>\n\t\t\t\t\t<\/div>\n\t\t<\/div>\n\t\t\t\t\t<\/div>\n\t\t<\/section>\n\t\t\t\t<\/div>\n\t\t","protected":false},"excerpt":{"rendered":"<p>FELSEFEM\u0130Z Sa\u011fl\u0131k \u00f6nceli\u011fimiz, 4F felsefemiz! \u0130NSAN DOSTU Hayvan DOSTU &nbsp; &nbsp; &nbsp; &nbsp; &nbsp; &nbsp; &nbsp; &nbsp; &nbsp; &nbsp; &nbsp; &nbsp; &nbsp; &nbsp; &nbsp; &nbsp; &nbsp; &nbsp; &nbsp; &nbsp; &nbsp; &nbsp; &nbsp;Do\u011fa DOSTU Ekoloji DOSTU Bu evrende yaln\u0131z olmad\u0131\u011f\u0131m\u0131z\u0131 biliyoruz ama biz de onun bir par\u00e7as\u0131y\u0131z. &nbsp;&nbsp; Sa\u011fl\u0131kl\u0131 ve ya\u015fanabilir bir \u00e7evrede ya\u015faman\u0131n herkesin hakk\u0131 [&hellip;]<\/p>\n","protected":false},"author":1,"featured_media":0,"parent":0,"menu_order":0,"comment_status":"closed","ping_status":"closed","template":"","meta":{"footnotes":""},"yoast_head":"<!-- This site is optimized with the Yoast SEO plugin v22.4 - https:\/\/yoast.com\/wordpress\/plugins\/seo\/ -->\n<title>FELSEFEM\u0130Z - TheOnlyNaturals<\/title>\n<meta name=\"robots\" content=\"index, follow, max-snippet:-1, max-image-preview:large, max-video-preview:-1\" \/>\n<link rel=\"canonical\" href=\"https:\/\/theonlynaturals.com\/tr\/felsefemiz\/\" \/>\n<meta property=\"og:locale\" content=\"tr_TR\" \/>\n<meta property=\"og:type\" content=\"article\" \/>\n<meta property=\"og:title\" content=\"FELSEFEM\u0130Z - TheOnlyNaturals\" \/>\n<meta property=\"og:description\" content=\"FELSEFEM\u0130Z Sa\u011fl\u0131k \u00f6nceli\u011fimiz, 4F felsefemiz! \u0130NSAN DOSTU Hayvan DOSTU &nbsp; &nbsp; &nbsp; &nbsp; &nbsp; &nbsp; &nbsp; &nbsp; &nbsp; &nbsp; &nbsp; &nbsp; &nbsp; &nbsp; &nbsp; &nbsp; &nbsp; &nbsp; &nbsp; &nbsp; &nbsp; &nbsp; &nbsp;Do\u011fa DOSTU Ekoloji DOSTU Bu evrende yaln\u0131z olmad\u0131\u011f\u0131m\u0131z\u0131 biliyoruz ama biz de onun bir par\u00e7as\u0131y\u0131z. &nbsp;&nbsp; Sa\u011fl\u0131kl\u0131 ve ya\u015fanabilir bir \u00e7evrede ya\u015faman\u0131n herkesin hakk\u0131 [&hellip;]\" \/>\n<meta property=\"og:url\" content=\"https:\/\/theonlynaturals.com\/tr\/felsefemiz\/\" \/>\n<meta property=\"og:site_name\" content=\"TheOnlyNaturals\" \/>\n<meta property=\"article:modified_time\" content=\"2021-11-24T12:20:50+00:00\" \/>\n<meta property=\"og:image\" content=\"https:\/\/theonlynaturals.com\/wp-content\/uploads\/2021\/09\/oyprojects-08-scaled-1-1024x681.jpg\" \/>\n<meta name=\"twitter:card\" content=\"summary_large_image\" \/>\n<meta name=\"twitter:label1\" content=\"Tahmini okuma s\u00fcresi\" \/>\n\t<meta name=\"twitter:data1\" content=\"1 dakika\" \/>\n<script type=\"application\/ld+json\" class=\"yoast-schema-graph\">{\"@context\":\"https:\/\/schema.org\",\"@graph\":[{\"@type\":\"WebPage\",\"@id\":\"https:\/\/theonlynaturals.com\/tr\/felsefemiz\/\",\"url\":\"https:\/\/theonlynaturals.com\/tr\/felsefemiz\/\",\"name\":\"FELSEFEM\u0130Z - TheOnlyNaturals\",\"isPartOf\":{\"@id\":\"https:\/\/theonlynaturals.com\/#website\"},\"primaryImageOfPage\":{\"@id\":\"https:\/\/theonlynaturals.com\/tr\/felsefemiz\/#primaryimage\"},\"image\":{\"@id\":\"https:\/\/theonlynaturals.com\/tr\/felsefemiz\/#primaryimage\"},\"thumbnailUrl\":\"https:\/\/theonlynaturals.com\/wp-content\/uploads\/2021\/09\/oyprojects-08-scaled-1-1024x681.jpg\",\"datePublished\":\"2021-11-24T12:20:49+00:00\",\"dateModified\":\"2021-11-24T12:20:50+00:00\",\"breadcrumb\":{\"@id\":\"https:\/\/theonlynaturals.com\/tr\/felsefemiz\/#breadcrumb\"},\"inLanguage\":\"tr\",\"potentialAction\":[{\"@type\":\"ReadAction\",\"target\":[\"https:\/\/theonlynaturals.com\/tr\/felsefemiz\/\"]}]},{\"@type\":\"ImageObject\",\"inLanguage\":\"tr\",\"@id\":\"https:\/\/theonlynaturals.com\/tr\/felsefemiz\/#primaryimage\",\"url\":\"https:\/\/theonlynaturals.com\/wp-content\/uploads\/2021\/09\/oyprojects-08-scaled-1-1024x681.jpg\",\"contentUrl\":\"https:\/\/theonlynaturals.com\/wp-content\/uploads\/2021\/09\/oyprojects-08-scaled-1-1024x681.jpg\"},{\"@type\":\"BreadcrumbList\",\"@id\":\"https:\/\/theonlynaturals.com\/tr\/felsefemiz\/#breadcrumb\",\"itemListElement\":[{\"@type\":\"ListItem\",\"position\":1,\"name\":\"Home\",\"item\":\"https:\/\/theonlynaturals.com\/tr\/\"},{\"@type\":\"ListItem\",\"position\":2,\"name\":\"FELSEFEM\u0130Z\"}]},{\"@type\":\"WebSite\",\"@id\":\"https:\/\/theonlynaturals.com\/#website\",\"url\":\"https:\/\/theonlynaturals.com\/\",\"name\":\"TheOnlyNaturals\",\"description\":\"Luxury, Quality and Naturality Come Together\",\"potentialAction\":[{\"@type\":\"SearchAction\",\"target\":{\"@type\":\"EntryPoint\",\"urlTemplate\":\"https:\/\/theonlynaturals.com\/?s={search_term_string}\"},\"query-input\":\"required name=search_term_string\"}],\"inLanguage\":\"tr\"}]}<\/script>\n<!-- \/ Yoast SEO plugin. -->","yoast_head_json":{"title":"FELSEFEM\u0130Z - TheOnlyNaturals","robots":{"index":"index","follow":"follow","max-snippet":"max-snippet:-1","max-image-preview":"max-image-preview:large","max-video-preview":"max-video-preview:-1"},"canonical":"https:\/\/theonlynaturals.com\/tr\/felsefemiz\/","og_locale":"tr_TR","og_type":"article","og_title":"FELSEFEM\u0130Z - TheOnlyNaturals","og_description":"FELSEFEM\u0130Z Sa\u011fl\u0131k \u00f6nceli\u011fimiz, 4F felsefemiz! \u0130NSAN DOSTU Hayvan DOSTU &nbsp; &nbsp; &nbsp; &nbsp; &nbsp; &nbsp; &nbsp; &nbsp; &nbsp; &nbsp; &nbsp; &nbsp; &nbsp; &nbsp; &nbsp; &nbsp; &nbsp; &nbsp; &nbsp; &nbsp; &nbsp; &nbsp; &nbsp;Do\u011fa DOSTU Ekoloji DOSTU Bu evrende yaln\u0131z olmad\u0131\u011f\u0131m\u0131z\u0131 biliyoruz ama biz de onun bir par\u00e7as\u0131y\u0131z. &nbsp;&nbsp; Sa\u011fl\u0131kl\u0131 ve ya\u015fanabilir bir \u00e7evrede ya\u015faman\u0131n herkesin hakk\u0131 [&hellip;]","og_url":"https:\/\/theonlynaturals.com\/tr\/felsefemiz\/","og_site_name":"TheOnlyNaturals","article_modified_time":"2021-11-24T12:20:50+00:00","og_image":[{"url":"https:\/\/theonlynaturals.com\/wp-content\/uploads\/2021\/09\/oyprojects-08-scaled-1-1024x681.jpg"}],"twitter_card":"summary_large_image","twitter_misc":{"Tahmini okuma s\u00fcresi":"1 dakika"},"schema":{"@context":"https:\/\/schema.org","@graph":[{"@type":"WebPage","@id":"https:\/\/theonlynaturals.com\/tr\/felsefemiz\/","url":"https:\/\/theonlynaturals.com\/tr\/felsefemiz\/","name":"FELSEFEM\u0130Z - TheOnlyNaturals","isPartOf":{"@id":"https:\/\/theonlynaturals.com\/#website"},"primaryImageOfPage":{"@id":"https:\/\/theonlynaturals.com\/tr\/felsefemiz\/#primaryimage"},"image":{"@id":"https:\/\/theonlynaturals.com\/tr\/felsefemiz\/#primaryimage"},"thumbnailUrl":"https:\/\/theonlynaturals.com\/wp-content\/uploads\/2021\/09\/oyprojects-08-scaled-1-1024x681.jpg","datePublished":"2021-11-24T12:20:49+00:00","dateModified":"2021-11-24T12:20:50+00:00","breadcrumb":{"@id":"https:\/\/theonlynaturals.com\/tr\/felsefemiz\/#breadcrumb"},"inLanguage":"tr","potentialAction":[{"@type":"ReadAction","target":["https:\/\/theonlynaturals.com\/tr\/felsefemiz\/"]}]},{"@type":"ImageObject","inLanguage":"tr","@id":"https:\/\/theonlynaturals.com\/tr\/felsefemiz\/#primaryimage","url":"https:\/\/theonlynaturals.com\/wp-content\/uploads\/2021\/09\/oyprojects-08-scaled-1-1024x681.jpg","contentUrl":"https:\/\/theonlynaturals.com\/wp-content\/uploads\/2021\/09\/oyprojects-08-scaled-1-1024x681.jpg"},{"@type":"BreadcrumbList","@id":"https:\/\/theonlynaturals.com\/tr\/felsefemiz\/#breadcrumb","itemListElement":[{"@type":"ListItem","position":1,"name":"Home","item":"https:\/\/theonlynaturals.com\/tr\/"},{"@type":"ListItem","position":2,"name":"FELSEFEM\u0130Z"}]},{"@type":"WebSite","@id":"https:\/\/theonlynaturals.com\/#website","url":"https:\/\/theonlynaturals.com\/","name":"TheOnlyNaturals","description":"Luxury, Quality and Naturality Come Together","potentialAction":[{"@type":"SearchAction","target":{"@type":"EntryPoint","urlTemplate":"https:\/\/theonlynaturals.com\/?s={search_term_string}"},"query-input":"required name=search_term_string"}],"inLanguage":"tr"}]}},"_links":{"self":[{"href":"https:\/\/theonlynaturals.com\/tr\/wp-json\/wp\/v2\/pages\/865"}],"collection":[{"href":"https:\/\/theonlynaturals.com\/tr\/wp-json\/wp\/v2\/pages"}],"about":[{"href":"https:\/\/theonlynaturals.com\/tr\/wp-json\/wp\/v2\/types\/page"}],"author":[{"embeddable":true,"href":"https:\/\/theonlynaturals.com\/tr\/wp-json\/wp\/v2\/users\/1"}],"replies":[{"embeddable":true,"href":"https:\/\/theonlynaturals.com\/tr\/wp-json\/wp\/v2\/comments?post=865"}],"version-history":[{"count":1,"href":"https:\/\/theonlynaturals.com\/tr\/wp-json\/wp\/v2\/pages\/865\/revisions"}],"predecessor-version":[{"id":866,"href":"https:\/\/theonlynaturals.com\/tr\/wp-json\/wp\/v2\/pages\/865\/revisions\/866"}],"wp:attachment":[{"href":"https:\/\/theonlynaturals.com\/tr\/wp-json\/wp\/v2\/media?parent=865"}],"curies":[{"name":"wp","href":"https:\/\/api.w.org\/{rel}","templated":true}]}}