{"id":867,"date":"2021-11-24T15:21:23","date_gmt":"2021-11-24T12:21:23","guid":{"rendered":"https:\/\/theonlynaturals.com\/urunlerimizin-icerigi\/"},"modified":"2021-11-24T15:21:23","modified_gmt":"2021-11-24T12:21:23","slug":"urunlerimizin-icerigi","status":"publish","type":"page","link":"https:\/\/theonlynaturals.com\/tr\/urunlerimizin-icerigi\/","title":{"rendered":"\u00dcR\u00dcNLER\u0130M\u0130Z\u0130N \u0130\u00c7ER\u0130\u011e\u0130"},"content":{"rendered":"\t\t<div data-elementor-type=\"wp-page\" data-elementor-id=\"867\" class=\"elementor elementor-867 elementor-65\">\n\t\t\t\t\t\t<section class=\"elementor-section elementor-top-section elementor-element elementor-element-11f17522 elementor-section-height-min-height elementor-section-boxed elementor-section-height-default elementor-section-items-middle\" data-id=\"11f17522\" data-element_type=\"section\" data-settings=\"{&quot;background_background&quot;:&quot;classic&quot;}\">\n\t\t\t\t\t\t<div class=\"elementor-container elementor-column-gap-default\">\n\t\t\t\t\t<div class=\"elementor-column elementor-col-100 elementor-top-column elementor-element elementor-element-32ccbc87\" data-id=\"32ccbc87\" data-element_type=\"column\">\n\t\t\t<div class=\"elementor-widget-wrap elementor-element-populated\">\n\t\t\t\t\t\t<div class=\"elementor-element elementor-element-78eaeef9 elementor-widget elementor-widget-heading\" data-id=\"78eaeef9\" data-element_type=\"widget\" data-widget_type=\"heading.default\">\n\t\t\t\t<div class=\"elementor-widget-container\">\n\t\t\t<style>\/*! elementor - v3.20.0 - 26-03-2024 *\/\n.elementor-heading-title{padding:0;margin:0;line-height:1}.elementor-widget-heading .elementor-heading-title[class*=elementor-size-]>a{color:inherit;font-size:inherit;line-height:inherit}.elementor-widget-heading .elementor-heading-title.elementor-size-small{font-size:15px}.elementor-widget-heading .elementor-heading-title.elementor-size-medium{font-size:19px}.elementor-widget-heading .elementor-heading-title.elementor-size-large{font-size:29px}.elementor-widget-heading .elementor-heading-title.elementor-size-xl{font-size:39px}.elementor-widget-heading .elementor-heading-title.elementor-size-xxl{font-size:59px}<\/style><h1 class=\"elementor-heading-title elementor-size-default\">\u00dcR\u00dcNLER\u0130M\u0130Z\u0130N \u0130\u00c7ER\u0130\u011e\u0130<\/h1>\t\t<\/div>\n\t\t\t\t<\/div>\n\t\t\t\t\t<\/div>\n\t\t<\/div>\n\t\t\t\t\t<\/div>\n\t\t<\/section>\n\t\t\t\t<section class=\"elementor-section elementor-top-section elementor-element elementor-element-27f8a567 elementor-section-boxed elementor-section-height-default elementor-section-height-default\" data-id=\"27f8a567\" data-element_type=\"section\" data-settings=\"{&quot;background_background&quot;:&quot;classic&quot;}\">\n\t\t\t\t\t\t<div class=\"elementor-container elementor-column-gap-default\">\n\t\t\t\t\t<div class=\"elementor-column elementor-col-25 elementor-top-column elementor-element elementor-element-1afe71ac\" data-id=\"1afe71ac\" data-element_type=\"column\">\n\t\t\t<div class=\"elementor-widget-wrap elementor-element-populated\">\n\t\t\t\t\t\t<div class=\"elementor-element elementor-element-5fa8e198 elementor-widget elementor-widget-image\" data-id=\"5fa8e198\" data-element_type=\"widget\" data-widget_type=\"image.default\">\n\t\t\t\t<div class=\"elementor-widget-container\">\n\t\t\t<style>\/*! elementor - v3.20.0 - 26-03-2024 *\/\n.elementor-widget-image{text-align:center}.elementor-widget-image a{display:inline-block}.elementor-widget-image a img[src$=\".svg\"]{width:48px}.elementor-widget-image img{vertical-align:middle;display:inline-block}<\/style>\t\t\t\t\t\t\t\t\t\t<img fetchpriority=\"high\" decoding=\"async\" width=\"710\" height=\"710\" src=\"https:\/\/theonlynaturals.com\/wp-content\/uploads\/2021\/09\/oyprojects-56.png\" class=\"attachment-large size-large wp-image-22\" alt=\"\" srcset=\"https:\/\/theonlynaturals.com\/wp-content\/uploads\/2021\/09\/oyprojects-56.png 710w, https:\/\/theonlynaturals.com\/wp-content\/uploads\/2021\/09\/oyprojects-56-300x300.png 300w, https:\/\/theonlynaturals.com\/wp-content\/uploads\/2021\/09\/oyprojects-56-100x100.png 100w, https:\/\/theonlynaturals.com\/wp-content\/uploads\/2021\/09\/oyprojects-56-600x600.png 600w, https:\/\/theonlynaturals.com\/wp-content\/uploads\/2021\/09\/oyprojects-56-150x150.png 150w\" sizes=\"(max-width: 710px) 100vw, 710px\" \/>\t\t\t\t\t\t\t\t\t\t\t\t\t<\/div>\n\t\t\t\t<\/div>\n\t\t\t\t\t<\/div>\n\t\t<\/div>\n\t\t\t\t<div class=\"elementor-column elementor-col-25 elementor-top-column elementor-element elementor-element-3423cacb\" data-id=\"3423cacb\" data-element_type=\"column\">\n\t\t\t<div class=\"elementor-widget-wrap elementor-element-populated\">\n\t\t\t\t\t\t<div class=\"elementor-element elementor-element-685b5b71 elementor-widget elementor-widget-image\" data-id=\"685b5b71\" data-element_type=\"widget\" data-widget_type=\"image.default\">\n\t\t\t\t<div class=\"elementor-widget-container\">\n\t\t\t\t\t\t\t\t\t\t\t\t\t<img decoding=\"async\" width=\"710\" height=\"710\" src=\"https:\/\/theonlynaturals.com\/wp-content\/uploads\/2021\/09\/oyprojects-54.png\" class=\"attachment-large size-large wp-image-23\" alt=\"\" srcset=\"https:\/\/theonlynaturals.com\/wp-content\/uploads\/2021\/09\/oyprojects-54.png 710w, https:\/\/theonlynaturals.com\/wp-content\/uploads\/2021\/09\/oyprojects-54-300x300.png 300w, https:\/\/theonlynaturals.com\/wp-content\/uploads\/2021\/09\/oyprojects-54-100x100.png 100w, https:\/\/theonlynaturals.com\/wp-content\/uploads\/2021\/09\/oyprojects-54-600x600.png 600w, https:\/\/theonlynaturals.com\/wp-content\/uploads\/2021\/09\/oyprojects-54-150x150.png 150w\" sizes=\"(max-width: 710px) 100vw, 710px\" \/>\t\t\t\t\t\t\t\t\t\t\t\t\t<\/div>\n\t\t\t\t<\/div>\n\t\t\t\t\t<\/div>\n\t\t<\/div>\n\t\t\t\t<div class=\"elementor-column elementor-col-25 elementor-top-column elementor-element elementor-element-7273615c\" data-id=\"7273615c\" data-element_type=\"column\">\n\t\t\t<div class=\"elementor-widget-wrap elementor-element-populated\">\n\t\t\t\t\t\t<div class=\"elementor-element elementor-element-29a48b3f elementor-widget elementor-widget-image\" data-id=\"29a48b3f\" data-element_type=\"widget\" data-widget_type=\"image.default\">\n\t\t\t\t<div class=\"elementor-widget-container\">\n\t\t\t\t\t\t\t\t\t\t\t\t\t<img decoding=\"async\" width=\"710\" height=\"710\" src=\"https:\/\/theonlynaturals.com\/wp-content\/uploads\/2021\/09\/oyprojects-55.png\" class=\"attachment-large size-large wp-image-24\" alt=\"\" srcset=\"https:\/\/theonlynaturals.com\/wp-content\/uploads\/2021\/09\/oyprojects-55.png 710w, https:\/\/theonlynaturals.com\/wp-content\/uploads\/2021\/09\/oyprojects-55-300x300.png 300w, https:\/\/theonlynaturals.com\/wp-content\/uploads\/2021\/09\/oyprojects-55-100x100.png 100w, https:\/\/theonlynaturals.com\/wp-content\/uploads\/2021\/09\/oyprojects-55-600x600.png 600w, https:\/\/theonlynaturals.com\/wp-content\/uploads\/2021\/09\/oyprojects-55-150x150.png 150w\" sizes=\"(max-width: 710px) 100vw, 710px\" \/>\t\t\t\t\t\t\t\t\t\t\t\t\t<\/div>\n\t\t\t\t<\/div>\n\t\t\t\t<div class=\"elementor-element elementor-element-2406f06 elementor-widget elementor-widget-text-editor\" data-id=\"2406f06\" data-element_type=\"widget\" data-widget_type=\"text-editor.default\">\n\t\t\t\t<div class=\"elementor-widget-container\">\n\t\t\t<style>\/*! elementor - v3.20.0 - 26-03-2024 *\/\n.elementor-widget-text-editor.elementor-drop-cap-view-stacked .elementor-drop-cap{background-color:#69727d;color:#fff}.elementor-widget-text-editor.elementor-drop-cap-view-framed .elementor-drop-cap{color:#69727d;border:3px solid;background-color:transparent}.elementor-widget-text-editor:not(.elementor-drop-cap-view-default) .elementor-drop-cap{margin-top:8px}.elementor-widget-text-editor:not(.elementor-drop-cap-view-default) .elementor-drop-cap-letter{width:1em;height:1em}.elementor-widget-text-editor .elementor-drop-cap{float:left;text-align:center;line-height:1;font-size:50px}.elementor-widget-text-editor .elementor-drop-cap-letter{display:inline-block}<\/style>\t\t\t\t<div class=\"x-el c1-1 c1-2 c1-22 c1-23 c1-5a c1-1e c1-1g c1-8i c1-8j c1-8k c1-8l c1-8m c1-8n c1-8o c1-8p c1-8q c1-8r c1-8s c1-8t c1-8u c1-8v c1-8w c1-8x c1-8y c1-8z c1-90 c1-91 c1-92 c1-93 c1-94 c1-95 c1-96 c1-97 c1-98 c1-99 c1-4 c1-2m c1-b c1-6e c1-c c1-44 c1-d c1-e c1-f c1-g x-rt\" data-ux=\"ContentCardText\" data-aid=\"CONTENT_DESCRIPTION3_RENDERED\" data-typography=\"BodyAlpha\">\n<p>Biz hayvan severiz ve onlar\u0131n ya\u015fam haklar\u0131n\u0131 savunuyoruz! \ud83d\udc3e\u2763\ufe0f<\/p>\n<\/div>\n\t\t\t\t\t\t<\/div>\n\t\t\t\t<\/div>\n\t\t\t\t\t<\/div>\n\t\t<\/div>\n\t\t\t\t<div class=\"elementor-column elementor-col-25 elementor-top-column elementor-element elementor-element-1df38657\" data-id=\"1df38657\" data-element_type=\"column\">\n\t\t\t<div class=\"elementor-widget-wrap elementor-element-populated\">\n\t\t\t\t\t\t<div class=\"elementor-element elementor-element-32b1317b elementor-widget elementor-widget-text-editor\" data-id=\"32b1317b\" data-element_type=\"widget\" data-widget_type=\"text-editor.default\">\n\t\t\t\t<div class=\"elementor-widget-container\">\n\t\t\t\t\t\t\t<p> Mottolar\u0131m\u0131z:<\/p>\n\t\t\t\t\t\t<\/div>\n\t\t\t\t<\/div>\n\t\t\t\t<div class=\"elementor-element elementor-element-23da0c41 elementor-widget elementor-widget-text-editor\" data-id=\"23da0c41\" data-element_type=\"widget\" data-widget_type=\"text-editor.default\">\n\t\t\t\t<div class=\"elementor-widget-container\">\n\t\t\t\t\t\t\t<ul>\n<li>YOKSULLU\u011eA SON<\/li>\n<li>A\u00c7LI\u011eA SON<\/li>\n<li>SA\u011eLIK VE KAL\u0130TEL\u0130 YA\u015eAM<\/li>\n<li>SORUMLU \u00dcRET\u0130M VE T\u00dcKET\u0130M <\/li>\n<li>\u0130KL\u0130M EYLEM\u0130 <\/li>\n<li>SUDAK\u0130 YA\u015eAM <\/li>\n<li>KARASAL YA\u015eAM<\/li>\n<\/ul>\n\t\t\t\t\t\t<\/div>\n\t\t\t\t<\/div>\n\t\t\t\t\t<\/div>\n\t\t<\/div>\n\t\t\t\t\t<\/div>\n\t\t<\/section>\n\t\t\t\t<\/div>\n\t\t","protected":false},"excerpt":{"rendered":"<p>\u00dcR\u00dcNLER\u0130M\u0130Z\u0130N \u0130\u00c7ER\u0130\u011e\u0130 Biz hayvan severiz ve onlar\u0131n ya\u015fam haklar\u0131n\u0131 savunuyoruz! ????\u2763\ufe0f Mottolar\u0131m\u0131z: YOKSULLU\u011eA SON A\u00c7LI\u011eA SON SA\u011eLIK VE KAL\u0130TEL\u0130 YA\u015eAM SORUMLU \u00dcRET\u0130M VE T\u00dcKET\u0130M \u0130KL\u0130M EYLEM\u0130 SUDAK\u0130 YA\u015eAM KARASAL YA\u015eAM<\/p>\n","protected":false},"author":1,"featured_media":0,"parent":0,"menu_order":0,"comment_status":"closed","ping_status":"closed","template":"","meta":{"footnotes":""},"yoast_head":"<!-- This site is optimized with the Yoast SEO plugin v22.4 - https:\/\/yoast.com\/wordpress\/plugins\/seo\/ -->\n<title>\u00dcR\u00dcNLER\u0130M\u0130Z\u0130N \u0130\u00c7ER\u0130\u011e\u0130 - TheOnlyNaturals<\/title>\n<meta name=\"robots\" content=\"index, follow, max-snippet:-1, max-image-preview:large, max-video-preview:-1\" \/>\n<link rel=\"canonical\" href=\"https:\/\/theonlynaturals.com\/tr\/urunlerimizin-icerigi\/\" \/>\n<meta property=\"og:locale\" content=\"tr_TR\" \/>\n<meta property=\"og:type\" content=\"article\" \/>\n<meta property=\"og:title\" content=\"\u00dcR\u00dcNLER\u0130M\u0130Z\u0130N \u0130\u00c7ER\u0130\u011e\u0130 - TheOnlyNaturals\" \/>\n<meta property=\"og:description\" content=\"\u00dcR\u00dcNLER\u0130M\u0130Z\u0130N \u0130\u00c7ER\u0130\u011e\u0130 Biz hayvan severiz ve onlar\u0131n ya\u015fam haklar\u0131n\u0131 savunuyoruz! ????\u2763\ufe0f Mottolar\u0131m\u0131z: YOKSULLU\u011eA SON A\u00c7LI\u011eA SON SA\u011eLIK VE KAL\u0130TEL\u0130 YA\u015eAM SORUMLU \u00dcRET\u0130M VE T\u00dcKET\u0130M \u0130KL\u0130M EYLEM\u0130 SUDAK\u0130 YA\u015eAM KARASAL YA\u015eAM\" \/>\n<meta property=\"og:url\" content=\"https:\/\/theonlynaturals.com\/tr\/urunlerimizin-icerigi\/\" \/>\n<meta property=\"og:site_name\" content=\"TheOnlyNaturals\" \/>\n<meta property=\"og:image\" content=\"https:\/\/theonlynaturals.com\/wp-content\/uploads\/2021\/09\/oyprojects-56.png\" \/>\n<meta name=\"twitter:card\" content=\"summary_large_image\" \/>\n<script type=\"application\/ld+json\" class=\"yoast-schema-graph\">{\"@context\":\"https:\/\/schema.org\",\"@graph\":[{\"@type\":\"WebPage\",\"@id\":\"https:\/\/theonlynaturals.com\/tr\/urunlerimizin-icerigi\/\",\"url\":\"https:\/\/theonlynaturals.com\/tr\/urunlerimizin-icerigi\/\",\"name\":\"\u00dcR\u00dcNLER\u0130M\u0130Z\u0130N \u0130\u00c7ER\u0130\u011e\u0130 - TheOnlyNaturals\",\"isPartOf\":{\"@id\":\"https:\/\/theonlynaturals.com\/#website\"},\"primaryImageOfPage\":{\"@id\":\"https:\/\/theonlynaturals.com\/tr\/urunlerimizin-icerigi\/#primaryimage\"},\"image\":{\"@id\":\"https:\/\/theonlynaturals.com\/tr\/urunlerimizin-icerigi\/#primaryimage\"},\"thumbnailUrl\":\"https:\/\/theonlynaturals.com\/wp-content\/uploads\/2021\/09\/oyprojects-56.png\",\"datePublished\":\"2021-11-24T12:21:23+00:00\",\"dateModified\":\"2021-11-24T12:21:23+00:00\",\"breadcrumb\":{\"@id\":\"https:\/\/theonlynaturals.com\/tr\/urunlerimizin-icerigi\/#breadcrumb\"},\"inLanguage\":\"tr\",\"potentialAction\":[{\"@type\":\"ReadAction\",\"target\":[\"https:\/\/theonlynaturals.com\/tr\/urunlerimizin-icerigi\/\"]}]},{\"@type\":\"ImageObject\",\"inLanguage\":\"tr\",\"@id\":\"https:\/\/theonlynaturals.com\/tr\/urunlerimizin-icerigi\/#primaryimage\",\"url\":\"https:\/\/theonlynaturals.com\/wp-content\/uploads\/2021\/09\/oyprojects-56.png\",\"contentUrl\":\"https:\/\/theonlynaturals.com\/wp-content\/uploads\/2021\/09\/oyprojects-56.png\"},{\"@type\":\"BreadcrumbList\",\"@id\":\"https:\/\/theonlynaturals.com\/tr\/urunlerimizin-icerigi\/#breadcrumb\",\"itemListElement\":[{\"@type\":\"ListItem\",\"position\":1,\"name\":\"Home\",\"item\":\"https:\/\/theonlynaturals.com\/tr\/\"},{\"@type\":\"ListItem\",\"position\":2,\"name\":\"\u00dcR\u00dcNLER\u0130M\u0130Z\u0130N \u0130\u00c7ER\u0130\u011e\u0130\"}]},{\"@type\":\"WebSite\",\"@id\":\"https:\/\/theonlynaturals.com\/#website\",\"url\":\"https:\/\/theonlynaturals.com\/\",\"name\":\"TheOnlyNaturals\",\"description\":\"Luxury, Quality and Naturality Come Together\",\"potentialAction\":[{\"@type\":\"SearchAction\",\"target\":{\"@type\":\"EntryPoint\",\"urlTemplate\":\"https:\/\/theonlynaturals.com\/?s={search_term_string}\"},\"query-input\":\"required name=search_term_string\"}],\"inLanguage\":\"tr\"}]}<\/script>\n<!-- \/ Yoast SEO plugin. -->","yoast_head_json":{"title":"\u00dcR\u00dcNLER\u0130M\u0130Z\u0130N \u0130\u00c7ER\u0130\u011e\u0130 - TheOnlyNaturals","robots":{"index":"index","follow":"follow","max-snippet":"max-snippet:-1","max-image-preview":"max-image-preview:large","max-video-preview":"max-video-preview:-1"},"canonical":"https:\/\/theonlynaturals.com\/tr\/urunlerimizin-icerigi\/","og_locale":"tr_TR","og_type":"article","og_title":"\u00dcR\u00dcNLER\u0130M\u0130Z\u0130N \u0130\u00c7ER\u0130\u011e\u0130 - TheOnlyNaturals","og_description":"\u00dcR\u00dcNLER\u0130M\u0130Z\u0130N \u0130\u00c7ER\u0130\u011e\u0130 Biz hayvan severiz ve onlar\u0131n ya\u015fam haklar\u0131n\u0131 savunuyoruz! ????\u2763\ufe0f Mottolar\u0131m\u0131z: YOKSULLU\u011eA SON A\u00c7LI\u011eA SON SA\u011eLIK VE KAL\u0130TEL\u0130 YA\u015eAM SORUMLU \u00dcRET\u0130M VE T\u00dcKET\u0130M \u0130KL\u0130M EYLEM\u0130 SUDAK\u0130 YA\u015eAM KARASAL YA\u015eAM","og_url":"https:\/\/theonlynaturals.com\/tr\/urunlerimizin-icerigi\/","og_site_name":"TheOnlyNaturals","og_image":[{"url":"https:\/\/theonlynaturals.com\/wp-content\/uploads\/2021\/09\/oyprojects-56.png"}],"twitter_card":"summary_large_image","schema":{"@context":"https:\/\/schema.org","@graph":[{"@type":"WebPage","@id":"https:\/\/theonlynaturals.com\/tr\/urunlerimizin-icerigi\/","url":"https:\/\/theonlynaturals.com\/tr\/urunlerimizin-icerigi\/","name":"\u00dcR\u00dcNLER\u0130M\u0130Z\u0130N \u0130\u00c7ER\u0130\u011e\u0130 - TheOnlyNaturals","isPartOf":{"@id":"https:\/\/theonlynaturals.com\/#website"},"primaryImageOfPage":{"@id":"https:\/\/theonlynaturals.com\/tr\/urunlerimizin-icerigi\/#primaryimage"},"image":{"@id":"https:\/\/theonlynaturals.com\/tr\/urunlerimizin-icerigi\/#primaryimage"},"thumbnailUrl":"https:\/\/theonlynaturals.com\/wp-content\/uploads\/2021\/09\/oyprojects-56.png","datePublished":"2021-11-24T12:21:23+00:00","dateModified":"2021-11-24T12:21:23+00:00","breadcrumb":{"@id":"https:\/\/theonlynaturals.com\/tr\/urunlerimizin-icerigi\/#breadcrumb"},"inLanguage":"tr","potentialAction":[{"@type":"ReadAction","target":["https:\/\/theonlynaturals.com\/tr\/urunlerimizin-icerigi\/"]}]},{"@type":"ImageObject","inLanguage":"tr","@id":"https:\/\/theonlynaturals.com\/tr\/urunlerimizin-icerigi\/#primaryimage","url":"https:\/\/theonlynaturals.com\/wp-content\/uploads\/2021\/09\/oyprojects-56.png","contentUrl":"https:\/\/theonlynaturals.com\/wp-content\/uploads\/2021\/09\/oyprojects-56.png"},{"@type":"BreadcrumbList","@id":"https:\/\/theonlynaturals.com\/tr\/urunlerimizin-icerigi\/#breadcrumb","itemListElement":[{"@type":"ListItem","position":1,"name":"Home","item":"https:\/\/theonlynaturals.com\/tr\/"},{"@type":"ListItem","position":2,"name":"\u00dcR\u00dcNLER\u0130M\u0130Z\u0130N \u0130\u00c7ER\u0130\u011e\u0130"}]},{"@type":"WebSite","@id":"https:\/\/theonlynaturals.com\/#website","url":"https:\/\/theonlynaturals.com\/","name":"TheOnlyNaturals","description":"Luxury, Quality and Naturality Come Together","potentialAction":[{"@type":"SearchAction","target":{"@type":"EntryPoint","urlTemplate":"https:\/\/theonlynaturals.com\/?s={search_term_string}"},"query-input":"required name=search_term_string"}],"inLanguage":"tr"}]}},"_links":{"self":[{"href":"https:\/\/theonlynaturals.com\/tr\/wp-json\/wp\/v2\/pages\/867"}],"collection":[{"href":"https:\/\/theonlynaturals.com\/tr\/wp-json\/wp\/v2\/pages"}],"about":[{"href":"https:\/\/theonlynaturals.com\/tr\/wp-json\/wp\/v2\/types\/page"}],"author":[{"embeddable":true,"href":"https:\/\/theonlynaturals.com\/tr\/wp-json\/wp\/v2\/users\/1"}],"replies":[{"embeddable":true,"href":"https:\/\/theonlynaturals.com\/tr\/wp-json\/wp\/v2\/comments?post=867"}],"version-history":[{"count":1,"href":"https:\/\/theonlynaturals.com\/tr\/wp-json\/wp\/v2\/pages\/867\/revisions"}],"predecessor-version":[{"id":869,"href":"https:\/\/theonlynaturals.com\/tr\/wp-json\/wp\/v2\/pages\/867\/revisions\/869"}],"wp:attachment":[{"href":"https:\/\/theonlynaturals.com\/tr\/wp-json\/wp\/v2\/media?parent=867"}],"curies":[{"name":"wp","href":"https:\/\/api.w.org\/{rel}","templated":true}]}}