{"id":1435,"date":"2021-09-07T06:57:07","date_gmt":"2021-09-07T03:57:07","guid":{"rendered":"https:\/\/theonlynaturals.com\/product\/peshtemals\/"},"modified":"2021-11-25T12:23:30","modified_gmt":"2021-11-25T09:23:30","slug":"pestemaller","status":"publish","type":"product","link":"https:\/\/theonlynaturals.com\/tr\/urun\/pestemaller\/","title":{"rendered":"Pe\u015ftemaller"},"content":{"rendered":"<p dir=\"auto\" data-pm-slice=\"1 1 []\">Bu otantik jakarl\u0131 pe\u015ftemal, s\u0131v\u0131lar\u0131 h\u0131zla emmek ve \u00e7abuk kuruyacak kadar hafif olmak \u00fczere tasarlanm\u0131\u015f yumu\u015fak, hafif pamuktan yap\u0131lm\u0131\u015ft\u0131r. Seyahat ederken veya a\u011f\u0131r bir \u015fey istemedi\u011finiz di\u011fer durumlarda kullan\u0131m i\u00e7in m\u00fckemmeldir. T\u00fcrkiye&#8217;de \u00fcretilen bu par\u00e7a %100 penye pamuk i\u00e7erir.<\/p>\n","protected":false},"excerpt":{"rendered":"<p>Bu otantik jakarl\u0131 pe\u015ftemal, s\u0131v\u0131lar\u0131 h\u0131zla emmek ve \u00e7abuk kuruyacak kadar hafif olmak \u00fczere tasarlanm\u0131\u015f yumu\u015fak, hafif pamuktan yap\u0131lm\u0131\u015ft\u0131r. Seyahat ederken veya a\u011f\u0131r bir \u015fey istemedi\u011finiz di\u011fer durumlarda kullan\u0131m i\u00e7in m\u00fckemmeldir. T\u00fcrkiye&#8217;de \u00fcretilen bu par\u00e7a %100 penye pamuk i\u00e7erir.<\/p>\n","protected":false},"featured_media":760,"template":"","meta":[],"product_cat":[66,64],"product_tag":[],"yoast_head":"<!-- This site is optimized with the Yoast SEO plugin v22.4 - https:\/\/yoast.com\/wordpress\/plugins\/seo\/ -->\n<title>Pe\u015ftemaller - TheOnlyNaturals<\/title>\n<meta name=\"robots\" content=\"index, follow, max-snippet:-1, max-image-preview:large, max-video-preview:-1\" \/>\n<link rel=\"canonical\" href=\"https:\/\/theonlynaturals.com\/tr\/urun\/pestemaller\/\" \/>\n<meta property=\"og:locale\" content=\"tr_TR\" \/>\n<meta property=\"og:type\" content=\"article\" \/>\n<meta property=\"og:title\" content=\"Pe\u015ftemaller - TheOnlyNaturals\" \/>\n<meta property=\"og:description\" content=\"Bu otantik jakarl\u0131 pe\u015ftemal, s\u0131v\u0131lar\u0131 h\u0131zla emmek ve \u00e7abuk kuruyacak kadar hafif olmak \u00fczere tasarlanm\u0131\u015f yumu\u015fak, hafif pamuktan yap\u0131lm\u0131\u015ft\u0131r. Seyahat ederken veya a\u011f\u0131r bir \u015fey istemedi\u011finiz di\u011fer durumlarda kullan\u0131m i\u00e7in m\u00fckemmeldir. T\u00fcrkiye&#8217;de \u00fcretilen bu par\u00e7a %100 penye pamuk i\u00e7erir.\" \/>\n<meta property=\"og:url\" content=\"https:\/\/theonlynaturals.com\/tr\/urun\/pestemaller\/\" \/>\n<meta property=\"og:site_name\" content=\"TheOnlyNaturals\" \/>\n<meta property=\"article:modified_time\" content=\"2021-11-25T09:23:30+00:00\" \/>\n<meta property=\"og:image\" content=\"https:\/\/theonlynaturals.com\/wp-content\/uploads\/home-essentials-peshtemals-01.jpg\" \/>\n\t<meta property=\"og:image:width\" content=\"2560\" \/>\n\t<meta property=\"og:image:height\" content=\"1714\" \/>\n\t<meta property=\"og:image:type\" content=\"image\/jpeg\" \/>\n<meta name=\"twitter:card\" content=\"summary_large_image\" \/>\n<meta name=\"twitter:label1\" content=\"Tahmini okuma s\u00fcresi\" \/>\n\t<meta name=\"twitter:data1\" content=\"1 dakika\" \/>\n<script type=\"application\/ld+json\" class=\"yoast-schema-graph\">{\"@context\":\"https:\/\/schema.org\",\"@graph\":[{\"@type\":\"WebPage\",\"@id\":\"https:\/\/theonlynaturals.com\/tr\/urun\/pestemaller\/\",\"url\":\"https:\/\/theonlynaturals.com\/tr\/urun\/pestemaller\/\",\"name\":\"Pe\u015ftemaller - TheOnlyNaturals\",\"isPartOf\":{\"@id\":\"https:\/\/theonlynaturals.com\/#website\"},\"primaryImageOfPage\":{\"@id\":\"https:\/\/theonlynaturals.com\/tr\/urun\/pestemaller\/#primaryimage\"},\"image\":{\"@id\":\"https:\/\/theonlynaturals.com\/tr\/urun\/pestemaller\/#primaryimage\"},\"thumbnailUrl\":\"https:\/\/theonlynaturals.com\/wp-content\/uploads\/home-essentials-peshtemals-01.jpg\",\"datePublished\":\"2021-09-07T03:57:07+00:00\",\"dateModified\":\"2021-11-25T09:23:30+00:00\",\"breadcrumb\":{\"@id\":\"https:\/\/theonlynaturals.com\/tr\/urun\/pestemaller\/#breadcrumb\"},\"inLanguage\":\"tr\",\"potentialAction\":[{\"@type\":\"ReadAction\",\"target\":[\"https:\/\/theonlynaturals.com\/tr\/urun\/pestemaller\/\"]}]},{\"@type\":\"ImageObject\",\"inLanguage\":\"tr\",\"@id\":\"https:\/\/theonlynaturals.com\/tr\/urun\/pestemaller\/#primaryimage\",\"url\":\"https:\/\/theonlynaturals.com\/wp-content\/uploads\/home-essentials-peshtemals-01.jpg\",\"contentUrl\":\"https:\/\/theonlynaturals.com\/wp-content\/uploads\/home-essentials-peshtemals-01.jpg\",\"width\":2560,\"height\":1714},{\"@type\":\"BreadcrumbList\",\"@id\":\"https:\/\/theonlynaturals.com\/tr\/urun\/pestemaller\/#breadcrumb\",\"itemListElement\":[{\"@type\":\"ListItem\",\"position\":1,\"name\":\"Home\",\"item\":\"https:\/\/theonlynaturals.com\/tr\/\"},{\"@type\":\"ListItem\",\"position\":2,\"name\":\"Shop\",\"item\":\"https:\/\/theonlynaturals.com\/tr\/shop-2\/\"},{\"@type\":\"ListItem\",\"position\":3,\"name\":\"Pe\u015ftemaller\"}]},{\"@type\":\"WebSite\",\"@id\":\"https:\/\/theonlynaturals.com\/#website\",\"url\":\"https:\/\/theonlynaturals.com\/\",\"name\":\"TheOnlyNaturals\",\"description\":\"Luxury, Quality and Naturality Come Together\",\"potentialAction\":[{\"@type\":\"SearchAction\",\"target\":{\"@type\":\"EntryPoint\",\"urlTemplate\":\"https:\/\/theonlynaturals.com\/?s={search_term_string}\"},\"query-input\":\"required name=search_term_string\"}],\"inLanguage\":\"tr\"}]}<\/script>\n<!-- \/ Yoast SEO plugin. -->","yoast_head_json":{"title":"Pe\u015ftemaller - TheOnlyNaturals","robots":{"index":"index","follow":"follow","max-snippet":"max-snippet:-1","max-image-preview":"max-image-preview:large","max-video-preview":"max-video-preview:-1"},"canonical":"https:\/\/theonlynaturals.com\/tr\/urun\/pestemaller\/","og_locale":"tr_TR","og_type":"article","og_title":"Pe\u015ftemaller - TheOnlyNaturals","og_description":"Bu otantik jakarl\u0131 pe\u015ftemal, s\u0131v\u0131lar\u0131 h\u0131zla emmek ve \u00e7abuk kuruyacak kadar hafif olmak \u00fczere tasarlanm\u0131\u015f yumu\u015fak, hafif pamuktan yap\u0131lm\u0131\u015ft\u0131r. Seyahat ederken veya a\u011f\u0131r bir \u015fey istemedi\u011finiz di\u011fer durumlarda kullan\u0131m i\u00e7in m\u00fckemmeldir. T\u00fcrkiye&#8217;de \u00fcretilen bu par\u00e7a %100 penye pamuk i\u00e7erir.","og_url":"https:\/\/theonlynaturals.com\/tr\/urun\/pestemaller\/","og_site_name":"TheOnlyNaturals","article_modified_time":"2021-11-25T09:23:30+00:00","og_image":[{"width":2560,"height":1714,"url":"https:\/\/theonlynaturals.com\/wp-content\/uploads\/home-essentials-peshtemals-01.jpg","type":"image\/jpeg"}],"twitter_card":"summary_large_image","twitter_misc":{"Tahmini okuma s\u00fcresi":"1 dakika"},"schema":{"@context":"https:\/\/schema.org","@graph":[{"@type":"WebPage","@id":"https:\/\/theonlynaturals.com\/tr\/urun\/pestemaller\/","url":"https:\/\/theonlynaturals.com\/tr\/urun\/pestemaller\/","name":"Pe\u015ftemaller - TheOnlyNaturals","isPartOf":{"@id":"https:\/\/theonlynaturals.com\/#website"},"primaryImageOfPage":{"@id":"https:\/\/theonlynaturals.com\/tr\/urun\/pestemaller\/#primaryimage"},"image":{"@id":"https:\/\/theonlynaturals.com\/tr\/urun\/pestemaller\/#primaryimage"},"thumbnailUrl":"https:\/\/theonlynaturals.com\/wp-content\/uploads\/home-essentials-peshtemals-01.jpg","datePublished":"2021-09-07T03:57:07+00:00","dateModified":"2021-11-25T09:23:30+00:00","breadcrumb":{"@id":"https:\/\/theonlynaturals.com\/tr\/urun\/pestemaller\/#breadcrumb"},"inLanguage":"tr","potentialAction":[{"@type":"ReadAction","target":["https:\/\/theonlynaturals.com\/tr\/urun\/pestemaller\/"]}]},{"@type":"ImageObject","inLanguage":"tr","@id":"https:\/\/theonlynaturals.com\/tr\/urun\/pestemaller\/#primaryimage","url":"https:\/\/theonlynaturals.com\/wp-content\/uploads\/home-essentials-peshtemals-01.jpg","contentUrl":"https:\/\/theonlynaturals.com\/wp-content\/uploads\/home-essentials-peshtemals-01.jpg","width":2560,"height":1714},{"@type":"BreadcrumbList","@id":"https:\/\/theonlynaturals.com\/tr\/urun\/pestemaller\/#breadcrumb","itemListElement":[{"@type":"ListItem","position":1,"name":"Home","item":"https:\/\/theonlynaturals.com\/tr\/"},{"@type":"ListItem","position":2,"name":"Shop","item":"https:\/\/theonlynaturals.com\/tr\/shop-2\/"},{"@type":"ListItem","position":3,"name":"Pe\u015ftemaller"}]},{"@type":"WebSite","@id":"https:\/\/theonlynaturals.com\/#website","url":"https:\/\/theonlynaturals.com\/","name":"TheOnlyNaturals","description":"Luxury, Quality and Naturality Come Together","potentialAction":[{"@type":"SearchAction","target":{"@type":"EntryPoint","urlTemplate":"https:\/\/theonlynaturals.com\/?s={search_term_string}"},"query-input":"required name=search_term_string"}],"inLanguage":"tr"}]}},"_links":{"self":[{"href":"https:\/\/theonlynaturals.com\/tr\/wp-json\/wp\/v2\/product\/1435"}],"collection":[{"href":"https:\/\/theonlynaturals.com\/tr\/wp-json\/wp\/v2\/product"}],"about":[{"href":"https:\/\/theonlynaturals.com\/tr\/wp-json\/wp\/v2\/types\/product"}],"wp:featuredmedia":[{"embeddable":true,"href":"https:\/\/theonlynaturals.com\/tr\/wp-json\/wp\/v2\/media\/760"}],"wp:attachment":[{"href":"https:\/\/theonlynaturals.com\/tr\/wp-json\/wp\/v2\/media?parent=1435"}],"wp:term":[{"taxonomy":"product_cat","embeddable":true,"href":"https:\/\/theonlynaturals.com\/tr\/wp-json\/wp\/v2\/product_cat?post=1435"},{"taxonomy":"product_tag","embeddable":true,"href":"https:\/\/theonlynaturals.com\/tr\/wp-json\/wp\/v2\/product_tag?post=1435"}],"curies":[{"name":"wp","href":"https:\/\/api.w.org\/{rel}","templated":true}]}}